{"id":19,"date":"2023-10-18T20:37:06","date_gmt":"2023-10-18T20:37:06","guid":{"rendered":"https:\/\/morani.si\/?page_id=19"},"modified":"2023-10-18T20:50:45","modified_gmt":"2023-10-18T20:50:45","slug":"kako-vam-lahko-pomagam","status":"publish","type":"page","link":"https:\/\/morani.si\/","title":{"rendered":"Kako Vam lahko pomagam?"},"content":{"rendered":"\n<div class=\"wp-block-group is-vertical is-content-justification-center is-layout-flex wp-container-core-group-is-layout-4b2eccd6 wp-block-group-is-layout-flex\">\n<div class=\"wp-block-group is-vertical is-content-justification-center is-layout-flex wp-container-core-group-is-layout-4b2eccd6 wp-block-group-is-layout-flex\">\n<div class=\"wp-block-group is-vertical is-content-justification-center is-layout-flex wp-container-core-group-is-layout-e16b4fff wp-block-group-is-layout-flex\" style=\"padding-top:0;padding-bottom:0;line-height:1\">\n<p class=\"has-text-align-center\">Mogo\u010de ste me videli ob delu, in sem bil neodziven (Bluetooth slu\u0161alke v uhah)&#8230; <\/p>\n\n\n\n<p class=\"has-text-align-center\">Ali pa ste me na\u0161li preko spleta ali vizitke&#8230;<\/p>\n\n\n\n<p class=\"has-text-align-center\">Mogo\u010de pa preko znancev in prijateljem, ki so Vam me priporo\u010dali&#8230;<\/p>\n\n\n\n<p class=\"has-text-align-center\">Tako da bi radi kak\u0161no urejanje Va\u0161e okolice, sadovnjakov, ali vzdr\u017eevanju\/obnovi\/dodelanju Va\u0161ega doma&#8230;<\/p>\n\n\n\n<p>Ali pa \u0161portni masa\u017ei&#8230;<\/p>\n<\/div>\n<\/div>\n<\/div>\n\n\n\n<div class=\"wp-block-group is-vertical is-content-justification-center is-layout-flex wp-container-core-group-is-layout-4b2eccd6 wp-block-group-is-layout-flex\">\n<p class=\"has-text-align-center\">Najbolje da mi kar napi\u0161ete svoje \u017eelje na <strong>info@morani.si<\/strong> ali pa mi pi\u0161ite\/pokli\u010dete na moj mobitel <strong>051 258 268<\/strong><\/p>\n\n\n\n<p class=\"has-text-align-center\" style=\"line-height:1\">In Vam bom odgovoril v najkraj\u0161em mo\u017enem \u010dasu.<\/p>\n\n\n\n<p class=\"has-text-align-center\"><strong><em>Vmes pa ne skrbite za skromen izgled spletne strani, je \u0161e v izdelavi.<\/em><\/strong><\/p>\n<\/div>\n","protected":false},"excerpt":{"rendered":"<p>Mogo\u010de ste me videli ob delu, in sem bil neodziven (Bluetooth slu\u0161alke v uhah)&#8230; Ali pa ste me na\u0161li preko spleta ali vizitke&#8230; Mogo\u010de pa preko znancev in prijateljem, ki so Vam me priporo\u010dali&#8230; Tako da bi radi kak\u0161no urejanje Va\u0161e okolice, sadovnjakov, ali vzdr\u017eevanju\/obnovi\/dodelanju Va\u0161ega doma&#8230; Ali pa \u0161portni masa\u017ei&#8230; Najbolje da mi kar&#8230;<\/p>\n","protected":false},"author":1,"featured_media":0,"parent":0,"menu_order":0,"comment_status":"closed","ping_status":"closed","template":"","meta":{"_kad_post_transparent":"enable","_kad_post_title":"show","_kad_post_layout":"normal","_kad_post_sidebar_id":"","_kad_post_content_style":"unboxed","_kad_post_vertical_padding":"","_kad_post_feature":"","_kad_post_feature_position":"","_kad_post_header":false,"_kad_post_footer":false,"footnotes":""},"class_list":["post-19","page","type-page","status-publish","hentry"],"yoast_head":"<!-- This site is optimized with the Yoast SEO plugin v21.5 - https:\/\/yoast.com\/wordpress\/plugins\/seo\/ -->\n<title>Kako Vam lahko pomagam? - Morani s.p.<\/title>\n<meta name=\"description\" content=\"hi\u0161ni\" \/>\n<meta name=\"robots\" content=\"index, follow, max-snippet:-1, max-image-preview:large, max-video-preview:-1\" \/>\n<link rel=\"canonical\" href=\"https:\/\/morani.si\/\" \/>\n<meta property=\"og:locale\" content=\"sl_SI\" \/>\n<meta property=\"og:type\" content=\"article\" \/>\n<meta property=\"og:title\" content=\"Kako Vam lahko pomagam? - Morani s.p.\" \/>\n<meta property=\"og:description\" content=\"hi\u0161ni\" \/>\n<meta property=\"og:url\" content=\"https:\/\/morani.si\/\" \/>\n<meta property=\"og:site_name\" content=\"Morani s.p.\" \/>\n<meta property=\"article:modified_time\" content=\"2023-10-18T20:50:45+00:00\" \/>\n<meta name=\"twitter:card\" content=\"summary_large_image\" \/>\n<meta name=\"twitter:label1\" content=\"Est. reading time\" \/>\n\t<meta name=\"twitter:data1\" content=\"1 minuta\" \/>\n<script type=\"application\/ld+json\" class=\"yoast-schema-graph\">{\"@context\":\"https:\/\/schema.org\",\"@graph\":[{\"@type\":\"WebPage\",\"@id\":\"https:\/\/morani.si\/\",\"url\":\"https:\/\/morani.si\/\",\"name\":\"Kako Vam lahko pomagam? - Morani s.p.\",\"isPartOf\":{\"@id\":\"https:\/\/morani.si\/#website\"},\"datePublished\":\"2023-10-18T20:37:06+00:00\",\"dateModified\":\"2023-10-18T20:50:45+00:00\",\"description\":\"hi\u0161ni\",\"breadcrumb\":{\"@id\":\"https:\/\/morani.si\/#breadcrumb\"},\"inLanguage\":\"sl-SI\",\"potentialAction\":[{\"@type\":\"ReadAction\",\"target\":[\"https:\/\/morani.si\/\"]}]},{\"@type\":\"BreadcrumbList\",\"@id\":\"https:\/\/morani.si\/#breadcrumb\",\"itemListElement\":[{\"@type\":\"ListItem\",\"position\":1,\"name\":\"Home\",\"item\":\"https:\/\/morani.si\/\"},{\"@type\":\"ListItem\",\"position\":2,\"name\":\"Kako Vam lahko pomagam?\"}]},{\"@type\":\"WebSite\",\"@id\":\"https:\/\/morani.si\/#website\",\"url\":\"https:\/\/morani.si\/\",\"name\":\"Morani\",\"description\":\"Kako vam lahko pomagam?\",\"publisher\":{\"@id\":\"https:\/\/morani.si\/#organization\"},\"potentialAction\":[{\"@type\":\"SearchAction\",\"target\":{\"@type\":\"EntryPoint\",\"urlTemplate\":\"https:\/\/morani.si\/?s={search_term_string}\"},\"query-input\":\"required name=search_term_string\"}],\"inLanguage\":\"sl-SI\"},{\"@type\":\"Organization\",\"@id\":\"https:\/\/morani.si\/#organization\",\"name\":\"Morani\",\"url\":\"https:\/\/morani.si\/\",\"logo\":{\"@type\":\"ImageObject\",\"inLanguage\":\"sl-SI\",\"@id\":\"https:\/\/morani.si\/#\/schema\/logo\/image\/\",\"url\":\"https:\/\/morani.si\/wp-content\/uploads\/2023\/10\/cropped-Logo-e1697656747344.png\",\"contentUrl\":\"https:\/\/morani.si\/wp-content\/uploads\/2023\/10\/cropped-Logo-e1697656747344.png\",\"width\":200,\"height\":200,\"caption\":\"Morani\"},\"image\":{\"@id\":\"https:\/\/morani.si\/#\/schema\/logo\/image\/\"}}]}<\/script>\n<!-- \/ Yoast SEO plugin. -->","yoast_head_json":{"title":"Kako Vam lahko pomagam? - Morani s.p.","description":"hi\u0161ni","robots":{"index":"index","follow":"follow","max-snippet":"max-snippet:-1","max-image-preview":"max-image-preview:large","max-video-preview":"max-video-preview:-1"},"canonical":"https:\/\/morani.si\/","og_locale":"sl_SI","og_type":"article","og_title":"Kako Vam lahko pomagam? - Morani s.p.","og_description":"hi\u0161ni","og_url":"https:\/\/morani.si\/","og_site_name":"Morani s.p.","article_modified_time":"2023-10-18T20:50:45+00:00","twitter_card":"summary_large_image","twitter_misc":{"Est. reading time":"1 minuta"},"schema":{"@context":"https:\/\/schema.org","@graph":[{"@type":"WebPage","@id":"https:\/\/morani.si\/","url":"https:\/\/morani.si\/","name":"Kako Vam lahko pomagam? - Morani s.p.","isPartOf":{"@id":"https:\/\/morani.si\/#website"},"datePublished":"2023-10-18T20:37:06+00:00","dateModified":"2023-10-18T20:50:45+00:00","description":"hi\u0161ni","breadcrumb":{"@id":"https:\/\/morani.si\/#breadcrumb"},"inLanguage":"sl-SI","potentialAction":[{"@type":"ReadAction","target":["https:\/\/morani.si\/"]}]},{"@type":"BreadcrumbList","@id":"https:\/\/morani.si\/#breadcrumb","itemListElement":[{"@type":"ListItem","position":1,"name":"Home","item":"https:\/\/morani.si\/"},{"@type":"ListItem","position":2,"name":"Kako Vam lahko pomagam?"}]},{"@type":"WebSite","@id":"https:\/\/morani.si\/#website","url":"https:\/\/morani.si\/","name":"Morani","description":"Kako vam lahko pomagam?","publisher":{"@id":"https:\/\/morani.si\/#organization"},"potentialAction":[{"@type":"SearchAction","target":{"@type":"EntryPoint","urlTemplate":"https:\/\/morani.si\/?s={search_term_string}"},"query-input":"required name=search_term_string"}],"inLanguage":"sl-SI"},{"@type":"Organization","@id":"https:\/\/morani.si\/#organization","name":"Morani","url":"https:\/\/morani.si\/","logo":{"@type":"ImageObject","inLanguage":"sl-SI","@id":"https:\/\/morani.si\/#\/schema\/logo\/image\/","url":"https:\/\/morani.si\/wp-content\/uploads\/2023\/10\/cropped-Logo-e1697656747344.png","contentUrl":"https:\/\/morani.si\/wp-content\/uploads\/2023\/10\/cropped-Logo-e1697656747344.png","width":200,"height":200,"caption":"Morani"},"image":{"@id":"https:\/\/morani.si\/#\/schema\/logo\/image\/"}}]}},"_links":{"self":[{"href":"https:\/\/morani.si\/index.php\/wp-json\/wp\/v2\/pages\/19","targetHints":{"allow":["GET"]}}],"collection":[{"href":"https:\/\/morani.si\/index.php\/wp-json\/wp\/v2\/pages"}],"about":[{"href":"https:\/\/morani.si\/index.php\/wp-json\/wp\/v2\/types\/page"}],"author":[{"embeddable":true,"href":"https:\/\/morani.si\/index.php\/wp-json\/wp\/v2\/users\/1"}],"replies":[{"embeddable":true,"href":"https:\/\/morani.si\/index.php\/wp-json\/wp\/v2\/comments?post=19"}],"version-history":[{"count":10,"href":"https:\/\/morani.si\/index.php\/wp-json\/wp\/v2\/pages\/19\/revisions"}],"predecessor-version":[{"id":35,"href":"https:\/\/morani.si\/index.php\/wp-json\/wp\/v2\/pages\/19\/revisions\/35"}],"wp:attachment":[{"href":"https:\/\/morani.si\/index.php\/wp-json\/wp\/v2\/media?parent=19"}],"curies":[{"name":"wp","href":"https:\/\/api.w.org\/{rel}","templated":true}]}}